{"id":43,"date":"2026-03-10T23:41:22","date_gmt":"2026-03-10T23:41:22","guid":{"rendered":"https:\/\/top-casino-brasil.com.br\/?page_id=43"},"modified":"2026-03-10T23:41:23","modified_gmt":"2026-03-10T23:41:23","slug":"alfcasino-ekskluzywne-oferty-dla-naszych-graczy","status":"publish","type":"page","link":"https:\/\/top-casino-brasil.com.br\/index.php\/alfcasino-ekskluzywne-oferty-dla-naszych-graczy\/","title":{"rendered":"AlfCasino \u2013 Ekskluzywne Oferty dla Naszych Graczy"},"content":{"rendered":"\n<p>Alfcasino jest stosunkowo now\u0105 propozycja na rynku kasyn online, od 2018 pr\u00f3buje przyci\u0105ga\u0107 graczy swoj\u0105 ofert\u0105. W przypadku Alfcasino gracze maj\u0105 okazj\u0119 wczu\u0107 si\u0119 w klimat science fiction \u2013 pozaziemskie istoty, kosmos. Oczywi\u015bcie portal ten oferuje bardzo ciekawy program lojalno\u015bciowy, jak r\u00f3wnie\u017c bogat\u0105 ofert\u0119 gier. Alf casino bonus daj specjalnie dla graczy witryny\u00a0<a href=\"https:\/\/pl.bestcasinos-pl.com\/\">polskie internetowe kasyno<\/a>!<\/p>\n\n\n\n<p><\/p>\n","protected":false},"excerpt":{"rendered":"<p>Alfcasino jest stosunkowo now\u0105 propozycja na rynku kasyn online, od 2018 pr\u00f3buje przyci\u0105ga\u0107 graczy swoj\u0105 ofert\u0105. W przypadku Alfcasino gracze maj\u0105 okazj\u0119 wczu\u0107 si\u0119 w klimat science fiction \u2013 pozaziemskie istoty, kosmos. Oczywi\u015bcie portal ten oferuje bardzo ciekawy program lojalno\u015bciowy, jak r\u00f3wnie\u017c bogat\u0105 ofert\u0119 gier. Alf casino bonus daj specjalnie dla graczy witryny\u00a0polskie internetowe kasyno!<\/p>\n","protected":false},"author":1,"featured_media":0,"parent":0,"menu_order":0,"comment_status":"open","ping_status":"closed","template":"page-about-casino.php","meta":{"footnotes":""},"class_list":["post-43","page","type-page","status-publish","hentry"],"_links":{"self":[{"href":"https:\/\/top-casino-brasil.com.br\/index.php\/wp-json\/wp\/v2\/pages\/43","targetHints":{"allow":["GET"]}}],"collection":[{"href":"https:\/\/top-casino-brasil.com.br\/index.php\/wp-json\/wp\/v2\/pages"}],"about":[{"href":"https:\/\/top-casino-brasil.com.br\/index.php\/wp-json\/wp\/v2\/types\/page"}],"author":[{"embeddable":true,"href":"https:\/\/top-casino-brasil.com.br\/index.php\/wp-json\/wp\/v2\/users\/1"}],"replies":[{"embeddable":true,"href":"https:\/\/top-casino-brasil.com.br\/index.php\/wp-json\/wp\/v2\/comments?post=43"}],"version-history":[{"count":2,"href":"https:\/\/top-casino-brasil.com.br\/index.php\/wp-json\/wp\/v2\/pages\/43\/revisions"}],"predecessor-version":[{"id":45,"href":"https:\/\/top-casino-brasil.com.br\/index.php\/wp-json\/wp\/v2\/pages\/43\/revisions\/45"}],"wp:attachment":[{"href":"https:\/\/top-casino-brasil.com.br\/index.php\/wp-json\/wp\/v2\/media?parent=43"}],"curies":[{"name":"wp","href":"https:\/\/api.w.org\/{rel}","templated":true}]}}